{"id":33,"date":"2023-07-19T18:17:36","date_gmt":"2023-07-19T18:17:36","guid":{"rendered":"https:\/\/metate.fi\/metate\/?page_id=33"},"modified":"2023-11-17T13:23:18","modified_gmt":"2023-11-17T13:23:18","slug":"etusivu","status":"publish","type":"page","link":"https:\/\/metate.fi\/metate\/","title":{"rendered":"Etusivu"},"content":{"rendered":"\r\n<div id=\"paakuva\">\n<img decoding=\"async\" id=\"paakuva_img_0\" class=\"paakuva_img\" src=\"https:\/\/metate.fi\/metate\/wp-content\/uploads\/2024\/11\/paakuv_2.jpg\">\n<img decoding=\"async\" id=\"paakuva_img_1\" class=\"paakuva_img\" src=\"https:\/\/metate.fi\/metate\/wp-content\/uploads\/2026\/02\/paakuv_7.jpg\">\n<img decoding=\"async\" id=\"paakuva_img_2\" class=\"paakuva_img\" src=\"https:\/\/metate.fi\/metate\/wp-content\/uploads\/2024\/11\/paakuv_3.jpg\">\n<img decoding=\"async\" id=\"paakuva_img_3\" class=\"paakuva_img\" src=\"https:\/\/metate.fi\/metate\/wp-content\/uploads\/2023\/08\/paakuva_14.jpg\">\n<img decoding=\"async\" id=\"paakuva_img_4\" class=\"paakuva_img\" src=\"https:\/\/metate.fi\/metate\/wp-content\/uploads\/2024\/11\/paakuv_6.jpg\">\n<img decoding=\"async\" id=\"paakuva_img_5\" class=\"paakuva_img\" src=\"https:\/\/metate.fi\/metate\/wp-content\/uploads\/2023\/08\/paakuva_11.jpg\">\n<\/div>\n<input type=hidden id=\"num_paakuvat\" value=\"6\">\n\r\n\r\n\r\n\r\n<figure class=\"wp-block-table ml_etusivu_mainosbannerit\">\r\n<table>\r\n<tbody>\r\n<tr>\r\n<td class=\"has-text-align-center\" data-align=\"center\"><img loading=\"lazy\" decoding=\"async\" width=\"450\" height=\"225\" class=\"wp-image-124\" style=\"width: 450px;\" src=\"https:\/\/metate.fi\/metate\/wp-content\/uploads\/2023\/07\/mb_ml.png\" alt=\"\" srcset=\"https:\/\/metate.fi\/metate\/wp-content\/uploads\/2023\/07\/mb_ml.png 500w, https:\/\/metate.fi\/metate\/wp-content\/uploads\/2023\/07\/mb_ml-300x150.png 300w\" sizes=\"auto, (max-width: 450px) 100vw, 450px\" \/><\/td>\r\n<td class=\"has-text-align-center\" data-align=\"center\"><img loading=\"lazy\" decoding=\"async\" width=\"450\" height=\"225\" class=\"wp-image-124\" style=\"width: 450px;\" src=\"https:\/\/metate.fi\/metate\/wp-content\/uploads\/2023\/07\/mb_ml.png\" alt=\"\" srcset=\"https:\/\/metate.fi\/metate\/wp-content\/uploads\/2023\/07\/mb_ml.png 500w, https:\/\/metate.fi\/metate\/wp-content\/uploads\/2023\/07\/mb_ml-300x150.png 300w\" sizes=\"auto, (max-width: 450px) 100vw, 450px\" \/><\/td>\r\n<\/tr>\r\n<\/tbody>\r\n<\/table>\r\n<\/figure>\r\n\r\n\r\n\r\n<h4 class=\"wp-block-heading has-text-align-center ml_etusivu_otsikko_violettipohja has-background-color has-text-color has-background has-large-font-size\" style=\"background-color: #b7417b;\">Mik\u00e4 Metate on?<\/h4>\r\n\r\n\r\n\r\n<p class=\"has-text-align-center ml_etusivu_violettipohja has-background-color has-text-color has-background has-small-font-size\" style=\"background-color: #b7417b;\">Messu- ja tapahtumatekij\u00e4t ry on 1962 perustettu alan ammattiliikkeiden riippumaton toimialaj\u00e4rjest\u00f6. Yhdistyksen tarkoituksena on valvoa j\u00e4senist\u00f6ns\u00e4 etuja, lujittaa ammattihenke\u00e4 sek\u00e4 tuoda esille messujen merkityst\u00e4 mediana. Yhdistyksen j\u00e4senyrityksien erikoisaloina ovat mm. messu- ja n\u00e4yttelyosastojen suunnittelu ja toteutus, messujen ja tapahtumien j\u00e4rjest\u00e4minen, myym\u00e4l\u00e4sisustukset ja -somistukset, auto- ja ikkunateippaukset, mainoskilvet ja -opasteet sek\u00e4 asiakastilaisuuksien kokonaisvaltainen j\u00e4rjest\u00e4minen. Yhdistys on Tapahtumateollisuus ry:n perustajaj\u00e4seni\u00e4.<\/p>\r\n\r\n\r\n\r\n<h3 class=\"wp-block-heading has-text-align-center ml_etusivu_otsikko_harmaapohja has-background has-large-font-size\" style=\"background-color: #e6e6e6;\">Tutustu j\u00e4seniimme<\/h3>\r\n\r\n\r\n\r\n<p class=\"has-text-align-center ml_etusivu_harmaapohja has-background has-small-font-size\" style=\"background-color: #e6e6e6;\">Etsitk\u00f6 tekij\u00e4\u00e4 messuosastolle, tarvitsetko myym\u00e4l\u00e4\u00e4n uuden sisutuksen?<br \/><br \/>T\u00e4\u00e4lt\u00e4 l\u00f6yd\u00e4t tekij\u00e4t<\/p>\r\n\r\n\r\n\r\n<p class=\"has-text-align-center ml_etusivu_harmaapohja has-background\" style=\"background-color: #e6e6e6;\"><div id=\"karuselli\"><div id=\"karuselli_alue\">\n<div id=\"karuselli_nuolet\">\n      <div id=\"karuselli_nuoli_vasen\" class=\"karuselli_nuoli\" onclick=\"ml_karuselli_vierita('vasemmalle');\"><<\/div>\n      <div id=\"karuselli_nuoli_oikea\" class=\"karuselli_nuoli\" onclick=\"ml_karuselli_vierita('oikealle');\">><\/div>\n    <\/div>\n  <div id=\"karuselli_logo_0\" class=\"karuselli_logo\"><a href=\"http:\/\/www.exnita.fi\/\" target=\"_blank\"><img decoding=\"async\" id=\"karuselli_img_0\" class=\"karluselli_img\" src=\"https:\/\/metate.fi\/metate\/wp-content\/uploads\/2023\/11\/Exnita-karuselli.jpg\"><\/a><\/div>\n  <div id=\"karuselli_logo_1\" class=\"karuselli_logo\"><a href=\"http:\/\/www.wsexpogroup.fi\/\" target=\"_blank\"><img decoding=\"async\" id=\"karuselli_img_1\" class=\"karluselli_img\" src=\"https:\/\/metate.fi\/metate\/wp-content\/uploads\/2023\/11\/WS-expo-Group-karuselli.jpg\"><\/a><\/div>\n  <div id=\"karuselli_logo_2\" class=\"karuselli_logo\"><a href=\"https:\/\/www.ajk-jatkokoulutus.fi\/\" target=\"_blank\"><img decoding=\"async\" id=\"karuselli_img_2\" class=\"karluselli_img\" src=\"https:\/\/metate.fi\/metate\/wp-content\/uploads\/2023\/11\/AJK-Jatkokoulutus-karuselli.jpg\"><\/a><\/div>\n  <div id=\"karuselli_logo_3\" class=\"karuselli_logo\"><a href=\"https:\/\/expomatto.fi\/\" target=\"_blank\"><img decoding=\"async\" id=\"karuselli_img_3\" class=\"karluselli_img\" src=\"https:\/\/metate.fi\/metate\/wp-content\/uploads\/2023\/11\/Expomatto-karuselli.jpg\"><\/a><\/div>\n  <div id=\"karuselli_logo_4\" class=\"karuselli_logo\"><a href=\"https:\/\/maiseri.fi\/\" target=\"_blank\"><img decoding=\"async\" id=\"karuselli_img_4\" class=\"karluselli_img\" src=\"https:\/\/metate.fi\/metate\/wp-content\/uploads\/2023\/07\/maiseri.png\"><\/a><\/div>\n  <div id=\"karuselli_logo_5\" class=\"karuselli_logo\"><a href=\"http:\/\/messujentekija.fi\/\" target=\"_blank\"><img decoding=\"async\" id=\"karuselli_img_5\" class=\"karluselli_img\" src=\"https:\/\/metate.fi\/metate\/wp-content\/uploads\/2023\/07\/Messujen_Tekija-logo.jpg\"><\/a><\/div>\n  <div id=\"karuselli_logo_6\" class=\"karuselli_logo\"><a href=\"https:\/\/msp.fi\/\" target=\"_blank\"><img decoding=\"async\" id=\"karuselli_img_6\" class=\"karluselli_img\" src=\"https:\/\/metate.fi\/metate\/wp-content\/uploads\/2023\/07\/MSP-logo.jpg\"><\/a><\/div>\n  <div id=\"karuselli_logo_7\" class=\"karuselli_logo\"><a href=\"https:\/\/www.exposet.fi\/\" target=\"_blank\"><img decoding=\"async\" id=\"karuselli_img_7\" class=\"karluselli_img\" src=\"https:\/\/metate.fi\/metate\/wp-content\/uploads\/2023\/07\/Exposet-ogo.jpg\"><\/a><\/div>\n  <div id=\"karuselli_logo_8\" class=\"karuselli_logo\"><a href=\"http:\/\/fairfactory.fi\/\" target=\"_blank\"><img decoding=\"async\" id=\"karuselli_img_8\" class=\"karluselli_img\" src=\"https:\/\/metate.fi\/metate\/wp-content\/uploads\/2023\/07\/Fair_factory.jpg\"><\/a><\/div>\n  <div id=\"karuselli_logo_9\" class=\"karuselli_logo\"><a href=\"http:\/\/www.prfactory.fi\/\" target=\"_blank\"><img decoding=\"async\" id=\"karuselli_img_9\" class=\"karluselli_img\" src=\"https:\/\/metate.fi\/metate\/wp-content\/uploads\/2023\/07\/PR_Factory_logo-1.jpg\"><\/a><\/div>\n  <div id=\"karuselli_logo_10\" class=\"karuselli_logo\"><a href=\"https:\/\/magnumevents.fi\/\" target=\"_blank\"><img decoding=\"async\" id=\"karuselli_img_10\" class=\"karluselli_img\" src=\"https:\/\/metate.fi\/metate\/wp-content\/uploads\/2023\/07\/MagnumEvents_logo22.jpg\"><\/a><\/div>\n  <div id=\"karuselli_logo_11\" class=\"karuselli_logo\"><a href=\"https:\/\/signa.fi\/\" target=\"_blank\"><img decoding=\"async\" id=\"karuselli_img_11\" class=\"karluselli_img\" src=\"https:\/\/metate.fi\/metate\/wp-content\/uploads\/2023\/11\/Signa-karuselli.jpg\"><\/a><\/div>\n  <div id=\"karuselli_logo_12\" class=\"karuselli_logo\"><a href=\"https:\/\/expotec.fi\/\" target=\"_blank\"><img decoding=\"async\" id=\"karuselli_img_12\" class=\"karluselli_img\" src=\"https:\/\/metate.fi\/metate\/wp-content\/uploads\/2025\/05\/expotec_karuselli.jpg\"><\/a><\/div>\n  <div id=\"karuselli_logo_13\" class=\"karuselli_logo\"><a href=\"http:\/\/www.jubilee.fi\/\" target=\"_blank\"><img decoding=\"async\" id=\"karuselli_img_13\" class=\"karluselli_img\" src=\"https:\/\/metate.fi\/metate\/wp-content\/uploads\/2023\/07\/Jubilee_logo.jpg\"><\/a><\/div>\n  <div id=\"karuselli_logo_14\" class=\"karuselli_logo\"><a href=\"https:\/\/brandipuu.fi\/\" target=\"_blank\"><img decoding=\"async\" id=\"karuselli_img_14\" class=\"karluselli_img\" src=\"https:\/\/metate.fi\/metate\/wp-content\/uploads\/2023\/07\/brandipuu_logo-1.jpg\"><\/a><\/div>\n  <div id=\"karuselli_logo_15\" class=\"karuselli_logo\"><a href=\"http:\/\/www.mainosmatti.fi\/\" target=\"_blank\"><img decoding=\"async\" id=\"karuselli_img_15\" class=\"karluselli_img\" src=\"https:\/\/metate.fi\/metate\/wp-content\/uploads\/2023\/07\/Mainosmatti-logo.jpg\"><\/a><\/div>\n  <div id=\"karuselli_logo_16\" class=\"karuselli_logo\"><a href=\"https:\/\/verstashelsinki.fi\/\" target=\"_blank\"><img decoding=\"async\" id=\"karuselli_img_16\" class=\"karluselli_img\" src=\"https:\/\/metate.fi\/metate\/wp-content\/uploads\/2025\/09\/VerstasHelsinki_karuselli.jpg\"><\/a><\/div>\n  <div id=\"karuselli_logo_17\" class=\"karuselli_logo\"><a href=\"https:\/\/capitalav.fi\/\" target=\"_blank\"><img decoding=\"async\" id=\"karuselli_img_17\" class=\"karluselli_img\" src=\"https:\/\/metate.fi\/metate\/wp-content\/uploads\/2023\/11\/Capital-AV-karuselli.jpg\"><\/a><\/div>\n  <div id=\"karuselli_logo_18\" class=\"karuselli_logo\"><a href=\"https:\/\/www.fairpartner.fi\/\" target=\"_blank\"><img decoding=\"async\" id=\"karuselli_img_18\" class=\"karluselli_img\" src=\"https:\/\/metate.fi\/metate\/wp-content\/uploads\/2023\/11\/FairPartner-karuselli.jpg\"><\/a><\/div>\n  <div id=\"karuselli_logo_19\" class=\"karuselli_logo\"><a href=\"http:\/\/www.mainoskayhko.fi\/\" target=\"_blank\"><img decoding=\"async\" id=\"karuselli_img_19\" class=\"karluselli_img\" src=\"https:\/\/metate.fi\/metate\/wp-content\/uploads\/2023\/07\/Mainoskayhko.png\"><\/a><\/div>\n  <div id=\"karuselli_logo_20\" class=\"karuselli_logo\"><a href=\"http:\/\/kolmiopalvelu.fi\/\" target=\"_blank\"><img decoding=\"async\" id=\"karuselli_img_20\" class=\"karluselli_img\" src=\"https:\/\/metate.fi\/metate\/wp-content\/uploads\/2023\/07\/kolmiopalvelu_logo.jpg\"><\/a><\/div>\n  <div id=\"karuselli_logo_21\" class=\"karuselli_logo\"><a href=\"http:\/\/www.spiraali.fi\/\" target=\"_blank\"><img decoding=\"async\" id=\"karuselli_img_21\" class=\"karluselli_img\" src=\"https:\/\/metate.fi\/metate\/wp-content\/uploads\/2023\/07\/Spiraali-logo.jpg\"><\/a><\/div>\n  <div id=\"karuselli_logo_22\" class=\"karuselli_logo\"><a href=\"https:\/\/www.nayttelymainonta.fi\/\" target=\"_blank\"><img decoding=\"async\" id=\"karuselli_img_22\" class=\"karluselli_img\" src=\"https:\/\/metate.fi\/metate\/wp-content\/uploads\/2023\/07\/Nayttelymainonta.png\"><\/a><\/div>\n  <div id=\"karuselli_logo_23\" class=\"karuselli_logo\"><a href=\"http:\/\/www.muotomainos.fi\/\" target=\"_blank\"><img decoding=\"async\" id=\"karuselli_img_23\" class=\"karluselli_img\" src=\"https:\/\/metate.fi\/metate\/wp-content\/uploads\/2023\/11\/Muotomainos-karuselli.jpg\"><\/a><\/div>\n  <div id=\"karuselli_logo_24\" class=\"karuselli_logo\"><a href=\"http:\/\/www.messua.fi\/\" target=\"_blank\"><img decoding=\"async\" id=\"karuselli_img_24\" class=\"karluselli_img\" src=\"https:\/\/metate.fi\/metate\/wp-content\/uploads\/2023\/07\/Messua-uusi-logo.jpg\"><\/a><\/div>\n  <div id=\"karuselli_logo_25\" class=\"karuselli_logo\"><a href=\"http:\/\/taikalyhty.fi\/\" target=\"_blank\"><img decoding=\"async\" id=\"karuselli_img_25\" class=\"karluselli_img\" src=\"https:\/\/metate.fi\/metate\/wp-content\/uploads\/2023\/07\/punakelta_taikalyht300.jpg\"><\/a><\/div>\n  <div id=\"karuselli_logo_26\" class=\"karuselli_logo\"><a href=\"https:\/\/kukila.fi\/\" target=\"_blank\"><img decoding=\"async\" id=\"karuselli_img_26\" class=\"karluselli_img\" src=\"https:\/\/metate.fi\/metate\/wp-content\/uploads\/2026\/02\/Kukila.jpg\"><\/a><\/div>\n  <div id=\"karuselli_logo_27\" class=\"karuselli_logo\"><a href=\"http:\/\/www.avpalvelu.fi\/\" target=\"_blank\"><img decoding=\"async\" id=\"karuselli_img_27\" class=\"karluselli_img\" src=\"https:\/\/metate.fi\/metate\/wp-content\/uploads\/2023\/07\/Suomen-AV-Palvelut-logo.jpg\"><\/a><\/div>\n  <div id=\"karuselli_logo_28\" class=\"karuselli_logo\"><a href=\"https:\/\/messukeskus.com\/\" target=\"_blank\"><img decoding=\"async\" id=\"karuselli_img_28\" class=\"karluselli_img\" src=\"https:\/\/metate.fi\/metate\/wp-content\/uploads\/2023\/07\/Messukeskus_logo.jpg\"><\/a><\/div>\n  <div id=\"karuselli_logo_29\" class=\"karuselli_logo\"><a href=\"https:\/\/www.mainosandersson.fi\/\" target=\"_blank\"><img decoding=\"async\" id=\"karuselli_img_29\" class=\"karluselli_img\" src=\"https:\/\/metate.fi\/metate\/wp-content\/uploads\/2023\/11\/MA_karuselli.jpg\"><\/a><\/div>\n  <div id=\"karuselli_logo_30\" class=\"karuselli_logo\"><a href=\"http:\/\/www.orle.fi\/\" target=\"_blank\"><img decoding=\"async\" id=\"karuselli_img_30\" class=\"karluselli_img\" src=\"https:\/\/metate.fi\/metate\/wp-content\/uploads\/2023\/07\/Orleslogan.png\"><\/a><\/div>\n  <div id=\"karuselli_logo_31\" class=\"karuselli_logo\"><a href=\"http:\/\/www.mediapromessut.fi\/\" target=\"_blank\"><img decoding=\"async\" id=\"karuselli_img_31\" class=\"karluselli_img\" src=\"https:\/\/metate.fi\/metate\/wp-content\/uploads\/2023\/07\/Mediapro_Messut-1.jpg\"><\/a><\/div>\n  <div id=\"karuselli_logo_32\" class=\"karuselli_logo\"><a href=\"https:\/\/www.sulotek.fi\/\" target=\"_blank\"><img decoding=\"async\" id=\"karuselli_img_32\" class=\"karluselli_img\" src=\"https:\/\/metate.fi\/metate\/wp-content\/uploads\/2024\/03\/Sulotek.jpg\"><\/a><\/div>\n  <div id=\"karuselli_logo_33\" class=\"karuselli_logo\"><a href=\"https:\/\/mainosvisitor.fi\/\" target=\"_blank\"><img decoding=\"async\" id=\"karuselli_img_33\" class=\"karluselli_img\" src=\"https:\/\/metate.fi\/metate\/wp-content\/uploads\/2023\/11\/Mainosvisitor-karuselli.jpg\"><\/a><\/div>\n  <div id=\"karuselli_logo_34\" class=\"karuselli_logo\"><a href=\"http:\/\/www.planex.fi\/\" target=\"_blank\"><img decoding=\"async\" id=\"karuselli_img_34\" class=\"karluselli_img\" src=\"https:\/\/metate.fi\/metate\/wp-content\/uploads\/2023\/07\/Planex-logo.jpg\"><\/a><\/div>\n  <div id=\"karuselli_logo_35\" class=\"karuselli_logo\"><a href=\"https:\/\/paga.fi\/\" target=\"_blank\"><img decoding=\"async\" id=\"karuselli_img_35\" class=\"karluselli_img\" src=\"https:\/\/metate.fi\/metate\/wp-content\/uploads\/2024\/11\/Paga.jpg\"><\/a><\/div>\n  <div id=\"karuselli_logo_36\" class=\"karuselli_logo\"><a href=\"http:\/\/www.nykypuu.fi\/\" target=\"_blank\"><img decoding=\"async\" id=\"karuselli_img_36\" class=\"karluselli_img\" src=\"https:\/\/metate.fi\/metate\/wp-content\/uploads\/2023\/07\/NP_logo_slogan_PMS200M-300.jpg\"><\/a><\/div>\n  <div id=\"karuselli_logo_37\" class=\"karuselli_logo\"><a href=\"http:\/\/www.blackout.fi\/\" target=\"_blank\"><img decoding=\"async\" id=\"karuselli_img_37\" class=\"karluselli_img\" src=\"https:\/\/metate.fi\/metate\/wp-content\/uploads\/2023\/07\/Blackout_logo.jpg\"><\/a><\/div>\n  <div id=\"karuselli_logo_38\" class=\"karuselli_logo\"><a href=\"https:\/\/www.facebook.com\/ViuhOy\/\" target=\"_blank\"><img decoding=\"async\" id=\"karuselli_img_38\" class=\"karluselli_img\" src=\"https:\/\/metate.fi\/metate\/wp-content\/uploads\/2023\/11\/Viuh.jpg\"><\/a><\/div>\n  <\/div>\n  <input type=hidden id=\"karuselli_sivuja\" value=\"12\">\n<div id=\"karuselli_pallurat\">\n    <span id=\"pallura_0\" class=\"pallura valittu\"><a onclick=\"ml_karuselli_vierita( 0 );\">\u2022<\/a> <\/span>\n    <span id=\"pallura_1\" class=\"pallura \"><a onclick=\"ml_karuselli_vierita( 1 );\">\u2022<\/a> <\/span>\n    <span id=\"pallura_2\" class=\"pallura \"><a onclick=\"ml_karuselli_vierita( 2 );\">\u2022<\/a> <\/span>\n    <span id=\"pallura_3\" class=\"pallura \"><a onclick=\"ml_karuselli_vierita( 3 );\">\u2022<\/a> <\/span>\n    <span id=\"pallura_4\" class=\"pallura \"><a onclick=\"ml_karuselli_vierita( 4 );\">\u2022<\/a> <\/span>\n    <span id=\"pallura_5\" class=\"pallura \"><a onclick=\"ml_karuselli_vierita( 5 );\">\u2022<\/a> <\/span>\n    <span id=\"pallura_6\" class=\"pallura \"><a onclick=\"ml_karuselli_vierita( 6 );\">\u2022<\/a> <\/span>\n    <span id=\"pallura_7\" class=\"pallura \"><a onclick=\"ml_karuselli_vierita( 7 );\">\u2022<\/a> <\/span>\n    <span id=\"pallura_8\" class=\"pallura \"><a onclick=\"ml_karuselli_vierita( 8 );\">\u2022<\/a> <\/span>\n    <span id=\"pallura_9\" class=\"pallura \"><a onclick=\"ml_karuselli_vierita( 9 );\">\u2022<\/a> <\/span>\n    <span id=\"pallura_10\" class=\"pallura \"><a onclick=\"ml_karuselli_vierita( 10 );\">\u2022<\/a> <\/span>\n    <span id=\"pallura_11\" class=\"pallura \"><a onclick=\"ml_karuselli_vierita( 11 );\">\u2022<\/a> <\/span>\n    <span id=\"pallura_12\" class=\"pallura \"><a onclick=\"ml_karuselli_vierita( 12 );\">\u2022<\/a> <\/span>\n  <\/div>\n<\/div>\n<\/p>\r\n\r\n\r\n\r\n<p class=\"has-text-align-center ml_etusivu_otsikko_valkoinenpohja has-background-background-color has-background\"><div id=\"etusivu_posts\">\n  <h4 class=\"etusivu_posts_otsikko\">Ajankohtaista<span class=\"etusivu_otsikko_kaikki\"><a href=\"?post_type=post\">Kaikki artikkelit<\/a><\/span><\/h4>\n  <div class=\"etusivu_post\">\n    <p class=\"etusivu_post_date\">25.11.2025<\/p>\n    <h4 class=\"etusivu_post_otsikko\"><a href=\"?p=418\">Kierr\u00e4tys ja j\u00e4tteiden lajittelu Messukeskuksessa<\/a><\/h4>\n    <p class=\"etusivu_post_content\">Kierr\u00e4tys ja j\u00e4tteiden lajittelu\r\n\r\nJ\u00e4tehuolto Messukeskuksessa ja osastopaikan luovutus\u00a0tapa...<\/p>\n  <\/div>\n  <div class=\"etusivu_post\">\n    <p class=\"etusivu_post_date\">15.08.2023<\/p>\n    <h4 class=\"etusivu_post_otsikko\"><a href=\"?p=171\">Koronaviruksen vaikutus messuihin ja tapahtumiin<\/a><\/h4>\n    <p class=\"etusivu_post_content\">KORONAVIRUKSEN LEVI\u00c4MIST\u00c4 EST\u00c4\u00c4KSEEN SUOMESSA ON RAJOITUKSIA VOIMASSA.\r\n\r\nRAJOITUKSET VOIT TA...<\/p>\n  <\/div>\n  <div class=\"etusivu_post\">\n    <p class=\"etusivu_post_date\">03.02.2023<\/p>\n    <h4 class=\"etusivu_post_otsikko\"><a href=\"?p=135\">Rajoituksia lasten oleskeluun halleissa rakennus- ja purkuaikoina<\/a><\/h4>\n    <p class=\"etusivu_post_content\">Messukeskus kielt\u00e4\u00e4 jatkossa turvallisuussyist\u00e4 alle 12-vuotiaiden lasten oleskelun halleissa ...<\/p>\n  <\/div>\n<\/div>\n<div id=\"etusivu_tapahtumat\">\n  <h4 class=\"etusivu_tapatumat_otsikko\">Kalenteri<span class=\"etusivu_otsikko_kaikki\"><a href=\"kalenteri\/\">Koko kalenteri<\/a><\/span><\/h4>\n  <div class=\"etusivu_tapahtuma\">\n    <p class=\"etusivu_tapahtuma_date\">05.05. - 05.05.<\/p>\n    <h4 class=\"etusivu_tapahtuma_otsikko\"><a href=\"https:\/\/www.paviljonki.fi\/messut\/kuljetusareena\/\" target=\"_blank\">KuljetusAreena<\/a><\/h4>\n  <\/div>\n  <div class=\"etusivu_tapahtuma\">\n    <p class=\"etusivu_tapahtuma_date\">05.05. - 05.05.<\/p>\n    <h4 class=\"etusivu_tapahtuma_otsikko\"><a href=\"https:\/\/lakeuskokkaa.expomark.fi\/\" target=\"_blank\">Lakeus Kokkaa<\/a><\/h4>\n  <\/div>\n  <div class=\"etusivu_tapahtuma\">\n    <p class=\"etusivu_tapahtuma_date\">16.05. - 17.05.<\/p>\n    <h4 class=\"etusivu_tapahtuma_otsikko\"><a href=\"\" target=\"_blank\">Arctic lights Comic con 2026<\/a><\/h4>\n  <\/div>\n  <div class=\"etusivu_tapahtuma\">\n    <p class=\"etusivu_tapahtuma_date\">20.05. - 21.05.<\/p>\n    <h4 class=\"etusivu_tapahtuma_otsikko\"><a href=\"https:\/\/pohjoinenteollisuus.expomark.fi\/?pk_vid=51293d1e614b4e691732638236d2587b\" target=\"_blank\">Pohjoinen Teollisuus<\/a><\/h4>\n  <\/div>\n  <div class=\"etusivu_tapahtuma\">\n    <p class=\"etusivu_tapahtuma_date\">23.05. - 24.05.<\/p>\n    <h4 class=\"etusivu_tapahtuma_otsikko\"><a href=\"https:\/\/messutnokialla.fi\/\" target=\"_blank\">MESSUT NOKIALLA<\/a><\/h4>\n  <\/div>\n<\/div>\n<\/p>\r\n","protected":false},"excerpt":{"rendered":"<p>Mik\u00e4 Metate on? Messu- ja tapahtumatekij\u00e4t ry on 1962 perustettu alan ammattiliikkeiden riippumaton toimialaj\u00e4rjest\u00f6. Yhdistyksen tarkoituksena on valvoa j\u00e4senist\u00f6ns\u00e4 etuja, lujittaa ammattihenke\u00e4 sek\u00e4 tuoda esille messujen merkityst\u00e4 mediana. Yhdistyksen j\u00e4senyrityksien erikoisaloina ovat mm. messu- ja n\u00e4yttelyosastojen suunnittelu ja toteutus, messujen ja tapahtumien j\u00e4rjest\u00e4minen, myym\u00e4l\u00e4sisustukset ja -somistukset, auto- ja ikkunateippaukset, mainoskilvet ja -opasteet sek\u00e4 asiakastilaisuuksien kokonaisvaltainen [&hellip;]<\/p>\n","protected":false},"author":1,"featured_media":0,"parent":0,"menu_order":0,"comment_status":"closed","ping_status":"closed","template":"","meta":{"_acf_changed":false,"footnotes":""},"class_list":["post-33","page","type-page","status-publish","hentry"],"acf":[],"_links":{"self":[{"href":"https:\/\/metate.fi\/metate\/wp-json\/wp\/v2\/pages\/33","targetHints":{"allow":["GET"]}}],"collection":[{"href":"https:\/\/metate.fi\/metate\/wp-json\/wp\/v2\/pages"}],"about":[{"href":"https:\/\/metate.fi\/metate\/wp-json\/wp\/v2\/types\/page"}],"author":[{"embeddable":true,"href":"https:\/\/metate.fi\/metate\/wp-json\/wp\/v2\/users\/1"}],"replies":[{"embeddable":true,"href":"https:\/\/metate.fi\/metate\/wp-json\/wp\/v2\/comments?post=33"}],"version-history":[{"count":31,"href":"https:\/\/metate.fi\/metate\/wp-json\/wp\/v2\/pages\/33\/revisions"}],"predecessor-version":[{"id":262,"href":"https:\/\/metate.fi\/metate\/wp-json\/wp\/v2\/pages\/33\/revisions\/262"}],"wp:attachment":[{"href":"https:\/\/metate.fi\/metate\/wp-json\/wp\/v2\/media?parent=33"}],"curies":[{"name":"wp","href":"https:\/\/api.w.org\/{rel}","templated":true}]}}